{"id":20010,"date":"2026-04-26T17:31:18","date_gmt":"2026-04-26T16:31:18","guid":{"rendered":"https:\/\/www.lignumvitaebags.com\/?post_type=product&#038;p=20010"},"modified":"2026-04-28T09:45:14","modified_gmt":"2026-04-28T08:45:14","slug":"futrola-za-pasos-7","status":"publish","type":"product","link":"https:\/\/www.lignumvitaebags.com\/en\/shop\/accessory\/futrola-za-pasos-7\/","title":{"rendered":"Futrola za paso\u0161"},"content":{"rendered":"","protected":false},"excerpt":{"rendered":"<h1><strong>Futrola za paso\u0161<\/strong><\/h1>\n<p>Idealna za one koje ne dr\u017ei mesto i \u017eele da pasos i osnovne stvari kao kartice i ne\u0161to ke\u0161a imaju na jednom mestu. Mapa sveta na prefinjenom komadu oraha predstavlja putopis modernog doba. Bojenjem osvojenih teritorija na njoj zauvek \u010duva\u0161 se\u0107anja i iskustva, \u010dak i kada novi paso\u0161 zauzme mesto starog. Dizajnirana je tako da u njoj mo\u017eete nositi do 6 kartica (po 3 u dzepi\u0107u i ke\u0161 u jednom od d\u017eepi\u0107a kod paso\u0161a. Mo\u017ee se nositi u ruci ili sa kai\u0161i\u0107em koji ide u kompletu na zglobu ruke.<\/p>\n<h2>Materijali:<\/h2>\n<p>Izradjena je od najfinije, reljefne Italijanske pull-up ko\u017ee i odabranog komada orahovog furnira.<\/p>\n<h4>Dimenzije:<\/h4>\n<p>Dimenzije sklopljene futrole: 153&#215;100 mm<br \/>\nDu\u017eina kai\u0161i\u0107a: 145 mm<\/p>\n<h3><strong>Boja ko\u017ee:<\/strong><\/h3>\n<p>Teget.<\/p>\n<h4><strong>Odr\u017eavanje:<\/strong><\/h4>\n<p>Periodi\u010dno \u010di\u0161\u0107enje suvom krpom.<\/p>\n<h5><strong>Dodatne usluge- Personalizacija:<\/strong><\/h5>\n<p>Futrolu za paso\u0161 je mogu\u0107e personalizovati u vidu gravure na drvenim delu (u malim dimenzijama pored mape na drvenom delu). Opcija perosnalizacije se bira u kupovini \u010dekiranjem i upisivanjem teksta ili dodavanjem motiva za gravuru.<\/p>\n<p><strong>\u00a0<\/strong><\/p>\n<p>&nbsp;<\/p>\n<p><strong>Napomena:<\/strong><\/p>\n<p><strong>*Ukoliko je futrola ima stiker \u201codmah dostupno\u201d mo\u017eete je o\u010dekivati na va\u0161oj adresi za 1-3 radnih dana. U slu\u010daju da nije odmah dostupna, vreme izrade torbe Frankie je od 4-7 dana. Na\u0161i proizvodi se \u010desto nalaze u polu-izradi pa u slu\u010dajevima da je potrebno da bude gotova ranije najbolje je kontaktirati nas i proveriti.<\/strong><\/p>\n<p><strong>*Slike na sajtu su informativnog sadr\u017eaja i postoji mogu\u010dnost odstupanja od boja kako zbog kamere i osvetljenja tako i zbog uredjaja na kom se gleda.<\/strong><\/p>\n<p><strong>*Zbog kori\u0161\u0107enja prirodno materijala \u2013 drveta, postoje odstupanja u \u0161arama drveta te je nemogu\u0107e na\u0107i dva potpuno identi\u010dna. (za precizniji izbor kontaktirajte nas kroz neku od kontakt formi).<\/strong><\/p>\n","protected":false},"featured_media":20014,"comment_status":"open","ping_status":"closed","template":"","meta":[],"product_cat":[169,213],"product_tag":[],"class_list":{"0":"post-20010","1":"product","2":"type-product","3":"status-publish","4":"has-post-thumbnail","6":"product_cat-accessory","7":"product_cat-futrolazapasos-en","8":"pa_kolekcija-autumn-winter","9":"pa_kolekcija-spring-summer","10":"pa_model-torbe-futrola-za-pasos-en","11":"tm-has-options","13":"first","14":"instock","15":"featured","16":"shipping-taxable","17":"purchasable","18":"product-type-simple"},"_links":{"self":[{"href":"https:\/\/www.lignumvitaebags.com\/en\/wp-json\/wp\/v2\/product\/20010","targetHints":{"allow":["GET"]}}],"collection":[{"href":"https:\/\/www.lignumvitaebags.com\/en\/wp-json\/wp\/v2\/product"}],"about":[{"href":"https:\/\/www.lignumvitaebags.com\/en\/wp-json\/wp\/v2\/types\/product"}],"replies":[{"embeddable":true,"href":"https:\/\/www.lignumvitaebags.com\/en\/wp-json\/wp\/v2\/comments?post=20010"}],"version-history":[{"count":2,"href":"https:\/\/www.lignumvitaebags.com\/en\/wp-json\/wp\/v2\/product\/20010\/revisions"}],"predecessor-version":[{"id":20054,"href":"https:\/\/www.lignumvitaebags.com\/en\/wp-json\/wp\/v2\/product\/20010\/revisions\/20054"}],"wp:featuredmedia":[{"embeddable":true,"href":"https:\/\/www.lignumvitaebags.com\/en\/wp-json\/wp\/v2\/media\/20014"}],"wp:attachment":[{"href":"https:\/\/www.lignumvitaebags.com\/en\/wp-json\/wp\/v2\/media?parent=20010"}],"wp:term":[{"taxonomy":"product_cat","embeddable":true,"href":"https:\/\/www.lignumvitaebags.com\/en\/wp-json\/wp\/v2\/product_cat?post=20010"},{"taxonomy":"product_tag","embeddable":true,"href":"https:\/\/www.lignumvitaebags.com\/en\/wp-json\/wp\/v2\/product_tag?post=20010"}],"curies":[{"name":"wp","href":"https:\/\/api.w.org\/{rel}","templated":true}]}}